{"id":6,"date":"2020-01-31T14:15:53","date_gmt":"2020-01-31T14:15:53","guid":{"rendered":"https:\/\/autoscope.hu\/?page_id=6"},"modified":"2026-01-22T09:33:29","modified_gmt":"2026-01-22T09:33:29","slug":"markafuggetlen-autoszerviz-godollo","status":"publish","type":"page","link":"https:\/\/autoscope.hu\/\/old\/","title":{"rendered":"Kezd\u0151lap"},"content":{"rendered":"<div class=\"col-md-5\">\n<h3>Hestia n\u00e9vjegye<\/h3>\n<p>Sz\u00fcks\u00e9g van tov\u00e1bbi r\u00e9szletekre? Tekints\u00fck meg a Hestia haszn\u00e1lat\u00e1r\u00f3l sz\u00f3l\u00f3, r\u00e9szletes dokument\u00e1ci\u00f3t.<\/p>\n<\/div>\n<div class=\"col-md-6 col-md-offset-1\"><img decoding=\"async\" class=\"size-medium alignright\" src=\"https:\/\/autoscope.hu\/wp-content\/themes\/hestia\/assets\/img\/about-content.png\"><\/div>\n","protected":false},"excerpt":{"rendered":"<p>Hestia n\u00e9vjegye Sz\u00fcks\u00e9g van tov\u00e1bbi r\u00e9szletekre? Tekints\u00fck meg a Hestia haszn\u00e1lat\u00e1r\u00f3l sz\u00f3l\u00f3, r\u00e9szletes dokument\u00e1ci\u00f3t.<\/p>\n","protected":false},"author":1,"featured_media":552,"parent":0,"menu_order":0,"comment_status":"closed","ping_status":"closed","template":"","meta":{"_monsterinsights_skip_tracking":false,"_monsterinsights_sitenote_active":false,"_monsterinsights_sitenote_note":"","_monsterinsights_sitenote_category":0,"footnotes":""},"class_list":["post-6","page","type-page","status-publish","has-post-thumbnail","hentry"],"yoast_head":"<!-- This site is optimized with the Yoast SEO plugin v27.3 - https:\/\/yoast.com\/product\/yoast-seo-wordpress\/ -->\n<title>M\u00e1rkaf\u00fcggetlen Bosch aut\u00f3szerviz G\u00f6d\u00f6ll\u0151n<\/title>\n<meta name=\"description\" content=\"M\u00e1rkaf\u00fcggetlen aut\u00f3szerviz G\u00f6d\u00f6ll\u0151n. Bosch grancia, magas min\u0151s\u00e9g. \u00c1ltal\u00e1nos karbantart\u00e1s, m\u0171szaki vizsga, olajcsere \u00e9s m\u00e9g sok m\u00e1s.\" \/>\n<meta name=\"robots\" content=\"index, follow, max-snippet:-1, max-image-preview:large, max-video-preview:-1\" \/>\n<link rel=\"canonical\" href=\"https:\/\/autoscope.hu\/\" \/>\n<meta property=\"og:locale\" content=\"hu_HU\" \/>\n<meta property=\"og:type\" content=\"article\" \/>\n<meta property=\"og:title\" content=\"M\u00e1rkaf\u00fcggetlen Bosch aut\u00f3szerviz G\u00f6d\u00f6ll\u0151n\" \/>\n<meta property=\"og:description\" content=\"M\u00e1rkaf\u00fcggetlen aut\u00f3szerviz G\u00f6d\u00f6ll\u0151n. Bosch grancia, magas min\u0151s\u00e9g. \u00c1ltal\u00e1nos karbantart\u00e1s, m\u0171szaki vizsga, olajcsere \u00e9s m\u00e9g sok m\u00e1s.\" \/>\n<meta property=\"og:url\" content=\"https:\/\/autoscope.hu\/\" \/>\n<meta property=\"og:site_name\" content=\"AutoScope - Bosch Car Service\" \/>\n<meta property=\"article:publisher\" content=\"https:\/\/www.facebook.com\/profile.php?id=100093659289817\" \/>\n<meta property=\"article:modified_time\" content=\"2026-01-22T09:33:29+00:00\" \/>\n<meta property=\"og:image\" content=\"https:\/\/autoscope.hu\/wp-content\/uploads\/2023\/09\/047-scaled.jpg\" \/>\n\t<meta property=\"og:image:width\" content=\"2560\" \/>\n\t<meta property=\"og:image:height\" content=\"1707\" \/>\n\t<meta property=\"og:image:type\" content=\"image\/jpeg\" \/>\n<meta name=\"twitter:card\" content=\"summary_large_image\" \/>\n<meta name=\"twitter:label1\" content=\"Becs\u00fclt olvas\u00e1si id\u0151\" \/>\n\t<meta name=\"twitter:data1\" content=\"1 perc\" \/>\n<script type=\"application\/ld+json\" class=\"yoast-schema-graph\">{\"@context\":\"https:\\\/\\\/schema.org\",\"@graph\":[{\"@type\":\"WebPage\",\"@id\":\"https:\\\/\\\/autoscope.hu\\\/\",\"url\":\"https:\\\/\\\/autoscope.hu\\\/\",\"name\":\"M\u00e1rkaf\u00fcggetlen Bosch aut\u00f3szerviz G\u00f6d\u00f6ll\u0151n\",\"isPartOf\":{\"@id\":\"https:\\\/\\\/autoscope.hu\\\/#website\"},\"primaryImageOfPage\":{\"@id\":\"https:\\\/\\\/autoscope.hu\\\/#primaryimage\"},\"image\":{\"@id\":\"https:\\\/\\\/autoscope.hu\\\/#primaryimage\"},\"thumbnailUrl\":\"https:\\\/\\\/autoscope.hu\\\/old\\\/wp-content\\\/uploads\\\/2023\\\/09\\\/047-scaled.jpg\",\"datePublished\":\"2020-01-31T14:15:53+00:00\",\"dateModified\":\"2026-01-22T09:33:29+00:00\",\"description\":\"M\u00e1rkaf\u00fcggetlen aut\u00f3szerviz G\u00f6d\u00f6ll\u0151n. Bosch grancia, magas min\u0151s\u00e9g. \u00c1ltal\u00e1nos karbantart\u00e1s, m\u0171szaki vizsga, olajcsere \u00e9s m\u00e9g sok m\u00e1s.\",\"breadcrumb\":{\"@id\":\"https:\\\/\\\/autoscope.hu\\\/#breadcrumb\"},\"inLanguage\":\"hu\",\"potentialAction\":[{\"@type\":\"ReadAction\",\"target\":[\"https:\\\/\\\/autoscope.hu\\\/\"]}]},{\"@type\":\"ImageObject\",\"inLanguage\":\"hu\",\"@id\":\"https:\\\/\\\/autoscope.hu\\\/#primaryimage\",\"url\":\"https:\\\/\\\/autoscope.hu\\\/old\\\/wp-content\\\/uploads\\\/2023\\\/09\\\/047-scaled.jpg\",\"contentUrl\":\"https:\\\/\\\/autoscope.hu\\\/old\\\/wp-content\\\/uploads\\\/2023\\\/09\\\/047-scaled.jpg\",\"width\":2560,\"height\":1707},{\"@type\":\"BreadcrumbList\",\"@id\":\"https:\\\/\\\/autoscope.hu\\\/#breadcrumb\",\"itemListElement\":[{\"@type\":\"ListItem\",\"position\":1,\"name\":\"Home\",\"item\":\"https:\\\/\\\/autoscope.hu\\\/\"},{\"@type\":\"ListItem\",\"position\":2,\"name\":\"Kezd\u0151lap\"}]},{\"@type\":\"WebSite\",\"@id\":\"https:\\\/\\\/autoscope.hu\\\/#website\",\"url\":\"https:\\\/\\\/autoscope.hu\\\/\",\"name\":\"AutoScope - Bosch Car Service\",\"description\":\"Aut\u00f3szerviz G\u00f6d\u00f6ll\u0151n, M\u00e1rkaf\u00fcggetlen Bosch Car Service\",\"publisher\":{\"@id\":\"https:\\\/\\\/autoscope.hu\\\/#organization\"},\"potentialAction\":[{\"@type\":\"SearchAction\",\"target\":{\"@type\":\"EntryPoint\",\"urlTemplate\":\"https:\\\/\\\/autoscope.hu\\\/?s={search_term_string}\"},\"query-input\":{\"@type\":\"PropertyValueSpecification\",\"valueRequired\":true,\"valueName\":\"search_term_string\"}}],\"inLanguage\":\"hu\"},{\"@type\":\"Organization\",\"@id\":\"https:\\\/\\\/autoscope.hu\\\/#organization\",\"name\":\"AutoScope - Bosch Car Service\",\"url\":\"https:\\\/\\\/autoscope.hu\\\/\",\"logo\":{\"@type\":\"ImageObject\",\"inLanguage\":\"hu\",\"@id\":\"https:\\\/\\\/autoscope.hu\\\/#\\\/schema\\\/logo\\\/image\\\/\",\"url\":\"https:\\\/\\\/autoscope.hu\\\/old\\\/wp-content\\\/uploads\\\/2020\\\/03\\\/cropped-autoscope_bosch_logo-1.png\",\"contentUrl\":\"https:\\\/\\\/autoscope.hu\\\/old\\\/wp-content\\\/uploads\\\/2020\\\/03\\\/cropped-autoscope_bosch_logo-1.png\",\"width\":810,\"height\":195,\"caption\":\"AutoScope - Bosch Car Service\"},\"image\":{\"@id\":\"https:\\\/\\\/autoscope.hu\\\/#\\\/schema\\\/logo\\\/image\\\/\"},\"sameAs\":[\"https:\\\/\\\/www.facebook.com\\\/profile.php?id=100093659289817\",\"https:\\\/\\\/www.instagram.com\\\/autoscopeboschservice\\\/\"]}]}<\/script>\n<!-- \/ Yoast SEO plugin. -->","yoast_head_json":{"title":"M\u00e1rkaf\u00fcggetlen Bosch aut\u00f3szerviz G\u00f6d\u00f6ll\u0151n","description":"M\u00e1rkaf\u00fcggetlen aut\u00f3szerviz G\u00f6d\u00f6ll\u0151n. Bosch grancia, magas min\u0151s\u00e9g. \u00c1ltal\u00e1nos karbantart\u00e1s, m\u0171szaki vizsga, olajcsere \u00e9s m\u00e9g sok m\u00e1s.","robots":{"index":"index","follow":"follow","max-snippet":"max-snippet:-1","max-image-preview":"max-image-preview:large","max-video-preview":"max-video-preview:-1"},"canonical":"https:\/\/autoscope.hu\/","og_locale":"hu_HU","og_type":"article","og_title":"M\u00e1rkaf\u00fcggetlen Bosch aut\u00f3szerviz G\u00f6d\u00f6ll\u0151n","og_description":"M\u00e1rkaf\u00fcggetlen aut\u00f3szerviz G\u00f6d\u00f6ll\u0151n. Bosch grancia, magas min\u0151s\u00e9g. \u00c1ltal\u00e1nos karbantart\u00e1s, m\u0171szaki vizsga, olajcsere \u00e9s m\u00e9g sok m\u00e1s.","og_url":"https:\/\/autoscope.hu\/","og_site_name":"AutoScope - Bosch Car Service","article_publisher":"https:\/\/www.facebook.com\/profile.php?id=100093659289817","article_modified_time":"2026-01-22T09:33:29+00:00","og_image":[{"width":2560,"height":1707,"url":"https:\/\/autoscope.hu\/wp-content\/uploads\/2023\/09\/047-scaled.jpg","type":"image\/jpeg"}],"twitter_card":"summary_large_image","twitter_misc":{"Becs\u00fclt olvas\u00e1si id\u0151":"1 perc"},"schema":{"@context":"https:\/\/schema.org","@graph":[{"@type":"WebPage","@id":"https:\/\/autoscope.hu\/","url":"https:\/\/autoscope.hu\/","name":"M\u00e1rkaf\u00fcggetlen Bosch aut\u00f3szerviz G\u00f6d\u00f6ll\u0151n","isPartOf":{"@id":"https:\/\/autoscope.hu\/#website"},"primaryImageOfPage":{"@id":"https:\/\/autoscope.hu\/#primaryimage"},"image":{"@id":"https:\/\/autoscope.hu\/#primaryimage"},"thumbnailUrl":"https:\/\/autoscope.hu\/old\/wp-content\/uploads\/2023\/09\/047-scaled.jpg","datePublished":"2020-01-31T14:15:53+00:00","dateModified":"2026-01-22T09:33:29+00:00","description":"M\u00e1rkaf\u00fcggetlen aut\u00f3szerviz G\u00f6d\u00f6ll\u0151n. Bosch grancia, magas min\u0151s\u00e9g. \u00c1ltal\u00e1nos karbantart\u00e1s, m\u0171szaki vizsga, olajcsere \u00e9s m\u00e9g sok m\u00e1s.","breadcrumb":{"@id":"https:\/\/autoscope.hu\/#breadcrumb"},"inLanguage":"hu","potentialAction":[{"@type":"ReadAction","target":["https:\/\/autoscope.hu\/"]}]},{"@type":"ImageObject","inLanguage":"hu","@id":"https:\/\/autoscope.hu\/#primaryimage","url":"https:\/\/autoscope.hu\/old\/wp-content\/uploads\/2023\/09\/047-scaled.jpg","contentUrl":"https:\/\/autoscope.hu\/old\/wp-content\/uploads\/2023\/09\/047-scaled.jpg","width":2560,"height":1707},{"@type":"BreadcrumbList","@id":"https:\/\/autoscope.hu\/#breadcrumb","itemListElement":[{"@type":"ListItem","position":1,"name":"Home","item":"https:\/\/autoscope.hu\/"},{"@type":"ListItem","position":2,"name":"Kezd\u0151lap"}]},{"@type":"WebSite","@id":"https:\/\/autoscope.hu\/#website","url":"https:\/\/autoscope.hu\/","name":"AutoScope - Bosch Car Service","description":"Aut\u00f3szerviz G\u00f6d\u00f6ll\u0151n, M\u00e1rkaf\u00fcggetlen Bosch Car Service","publisher":{"@id":"https:\/\/autoscope.hu\/#organization"},"potentialAction":[{"@type":"SearchAction","target":{"@type":"EntryPoint","urlTemplate":"https:\/\/autoscope.hu\/?s={search_term_string}"},"query-input":{"@type":"PropertyValueSpecification","valueRequired":true,"valueName":"search_term_string"}}],"inLanguage":"hu"},{"@type":"Organization","@id":"https:\/\/autoscope.hu\/#organization","name":"AutoScope - Bosch Car Service","url":"https:\/\/autoscope.hu\/","logo":{"@type":"ImageObject","inLanguage":"hu","@id":"https:\/\/autoscope.hu\/#\/schema\/logo\/image\/","url":"https:\/\/autoscope.hu\/old\/wp-content\/uploads\/2020\/03\/cropped-autoscope_bosch_logo-1.png","contentUrl":"https:\/\/autoscope.hu\/old\/wp-content\/uploads\/2020\/03\/cropped-autoscope_bosch_logo-1.png","width":810,"height":195,"caption":"AutoScope - Bosch Car Service"},"image":{"@id":"https:\/\/autoscope.hu\/#\/schema\/logo\/image\/"},"sameAs":["https:\/\/www.facebook.com\/profile.php?id=100093659289817","https:\/\/www.instagram.com\/autoscopeboschservice\/"]}]}},"_links":{"self":[{"href":"https:\/\/autoscope.hu\/\/old\/wp-json\/wp\/v2\/pages\/6","targetHints":{"allow":["GET"]}}],"collection":[{"href":"https:\/\/autoscope.hu\/\/old\/wp-json\/wp\/v2\/pages"}],"about":[{"href":"https:\/\/autoscope.hu\/\/old\/wp-json\/wp\/v2\/types\/page"}],"author":[{"embeddable":true,"href":"https:\/\/autoscope.hu\/\/old\/wp-json\/wp\/v2\/users\/1"}],"replies":[{"embeddable":true,"href":"https:\/\/autoscope.hu\/\/old\/wp-json\/wp\/v2\/comments?post=6"}],"version-history":[{"count":3,"href":"https:\/\/autoscope.hu\/\/old\/wp-json\/wp\/v2\/pages\/6\/revisions"}],"predecessor-version":[{"id":921,"href":"https:\/\/autoscope.hu\/\/old\/wp-json\/wp\/v2\/pages\/6\/revisions\/921"}],"wp:featuredmedia":[{"embeddable":true,"href":"https:\/\/autoscope.hu\/\/old\/wp-json\/wp\/v2\/media\/552"}],"wp:attachment":[{"href":"https:\/\/autoscope.hu\/\/old\/wp-json\/wp\/v2\/media?parent=6"}],"curies":[{"name":"wp","href":"https:\/\/api.w.org\/{rel}","templated":true}]}}